{"id":2818,"date":"2025-09-24T10:14:33","date_gmt":"2025-09-24T07:14:33","guid":{"rendered":"https:\/\/www.taboxservices.fi\/?page_id=2818"},"modified":"2025-09-24T13:28:37","modified_gmt":"2025-09-24T10:28:37","slug":"sahkokaytonjohtajuus","status":"publish","type":"page","link":"https:\/\/www.taboxservices.fi\/en\/sahkokaytonjohtajuus\/","title":{"rendered":"Electrical Conductivity"},"content":{"rendered":"<div data-elementor-type=\"wp-page\" data-elementor-id=\"2818\" class=\"elementor elementor-2818\" data-elementor-post-type=\"page\">\n\t\t\t\t<div class=\"elementor-element elementor-element-673ac79 e-flex e-con-boxed e-con e-parent\" data-id=\"673ac79\" data-element_type=\"container\" data-e-type=\"container\" data-settings=\"{&quot;background_background&quot;:&quot;classic&quot;}\">\n\t\t\t\t\t<div class=\"e-con-inner\">\n\t\t\t\t<div class=\"elementor-element elementor-element-c0c2dd1 elementor-widget elementor-widget-heading\" data-id=\"c0c2dd1\" data-element_type=\"widget\" data-e-type=\"widget\" data-widget_type=\"heading.default\">\n\t\t\t\t<div class=\"elementor-widget-container\">\n\t\t\t\t\t<h1 class=\"elementor-heading-title elementor-size-default\">Electrical Conductivity<\/h1>\t\t\t\t<\/div>\n\t\t\t\t<\/div>\n\t\t\t\t<div class=\"elementor-element elementor-element-52906ab elementor-widget elementor-widget-spacer\" data-id=\"52906ab\" data-element_type=\"widget\" data-e-type=\"widget\" data-widget_type=\"spacer.default\">\n\t\t\t\t<div class=\"elementor-widget-container\">\n\t\t\t\t\t\t\t<div class=\"elementor-spacer\">\n\t\t\t<div class=\"elementor-spacer-inner\"><\/div>\n\t\t<\/div>\n\t\t\t\t\t\t<\/div>\n\t\t\t\t<\/div>\n\t\t\t\t\t<\/div>\n\t\t\t\t<\/div>\n\t\t<div class=\"elementor-element elementor-element-72b9d20 e-con-full e-flex e-con e-parent\" data-id=\"72b9d20\" data-element_type=\"container\" data-e-type=\"container\">\n\t\t<div class=\"elementor-element elementor-element-e423905 e-flex e-con-boxed e-con e-child\" data-id=\"e423905\" data-element_type=\"container\" data-e-type=\"container\">\n\t\t\t\t\t<div class=\"e-con-inner\">\n\t\t<div class=\"elementor-element elementor-element-c2b2d31 e-con-full e-flex e-con e-child\" data-id=\"c2b2d31\" data-element_type=\"container\" data-e-type=\"container\">\n\t\t\t\t<div class=\"elementor-element elementor-element-b0f75de elementor-widget elementor-widget-heading\" data-id=\"b0f75de\" data-element_type=\"widget\" data-e-type=\"widget\" data-widget_type=\"heading.default\">\n\t\t\t\t<div class=\"elementor-widget-container\">\n\t\t\t\t\t<h2 class=\"elementor-heading-title elementor-size-default\">What is an electrical traffic manager needed for?<\/h2>\t\t\t\t<\/div>\n\t\t\t\t<\/div>\n\t\t\t\t<div class=\"elementor-element elementor-element-3eb9b1d elementor-widget elementor-widget-text-editor\" data-id=\"3eb9b1d\" data-element_type=\"widget\" data-e-type=\"widget\" data-widget_type=\"text-editor.default\">\n\t\t\t\t<div class=\"elementor-widget-container\">\n\t\t\t\t\t\t\t\t\t<p><span data-teams=\"true\">Large and extensive electrical installations require a legally designated <strong>director of operations<\/strong>, who is responsible for the safe use and maintenance of the equipment. The operation manager is registered with Tukes and acts as the electrical safety expert for the owner of the electrical equipment.<\/span><\/p>\t\t\t\t\t\t\t\t<\/div>\n\t\t\t\t<\/div>\n\t\t\t\t<\/div>\n\t\t<div class=\"elementor-element elementor-element-716855e e-con-full e-flex e-con e-child\" data-id=\"716855e\" data-element_type=\"container\" data-e-type=\"container\">\n\t\t\t\t<div class=\"elementor-element elementor-element-df11f1b elementor-widget elementor-widget-text-editor\" data-id=\"df11f1b\" data-element_type=\"widget\" data-e-type=\"widget\" data-widget_type=\"text-editor.default\">\n\t\t\t\t<div class=\"elementor-widget-container\">\n\t\t\t\t\t\t\t\t\t<h3>Responsibilities of the Electricity Manager<\/h3><p>The Director of Operations will ensure that:<\/p><ul><li>electrical equipment is used and maintained in accordance with the Electrical Safety Act<\/li><li>equipment remains in safe condition throughout its lifetime<\/li><li>the persons carrying out the operations are skilled and trained<\/li><li>any defects and deficiencies found are corrected without delay<\/li><\/ul><div>\u00a0<\/div><p>The responsibility is personal and cannot be transferred by contract.<\/p>\t\t\t\t\t\t\t\t<\/div>\n\t\t\t\t<\/div>\n\t\t\t\t<\/div>\n\t\t<div class=\"elementor-element elementor-element-cbcb615 e-con-full e-flex e-con e-child\" data-id=\"cbcb615\" data-element_type=\"container\" data-e-type=\"container\">\n\t\t\t\t<div class=\"elementor-element elementor-element-3949749 elementor-widget__width-initial elementor-widget elementor-widget-text-editor\" data-id=\"3949749\" data-element_type=\"widget\" data-e-type=\"widget\" data-widget_type=\"text-editor.default\">\n\t\t\t\t<div class=\"elementor-widget-container\">\n\t\t\t\t\t\t\t\t\t<h3>Tasks in practice<\/h3><p>The work of the Operations Manager includes:<\/p><ul><li>drawing up a maintenance programme and monitoring compliance with it<\/li><li>carrying out operational monitoring and periodic inspections<\/li><li>documentation of service and maintenance work<\/li><li>correcting and demonstrating what was found during inspections<\/li><li>maintaining drawings, diagrams and instructions for operation and maintenance<\/li><li>submitting notifications to the Tukes register<\/li><\/ul>\t\t\t\t\t\t\t\t<\/div>\n\t\t\t\t<\/div>\n\t\t\t\t<\/div>\n\t\t<div class=\"elementor-element elementor-element-a84ec65 e-con-full e-flex e-con e-child\" data-id=\"a84ec65\" data-element_type=\"container\" data-e-type=\"container\">\n\t\t\t\t<div class=\"elementor-element elementor-element-3b26ac5 elementor-widget__width-initial elementor-widget elementor-widget-text-editor\" data-id=\"3b26ac5\" data-element_type=\"widget\" data-e-type=\"widget\" data-widget_type=\"text-editor.default\">\n\t\t\t\t<div class=\"elementor-widget-container\">\n\t\t\t\t\t\t\t\t\t<h3>Management and control<\/h3><p>The Operations Manager will manage the safe operation of the electrical installation and ensure that all maintenance, servicing and repair work is carried out safely. This role requires constant monitoring and professional supervision - spot checks alone are not enough.<\/p><p>The operations manager also ensures that those working on the installation have adequate training and that electrical safety is always under control.<\/p>\t\t\t\t\t\t\t\t<\/div>\n\t\t\t\t<\/div>\n\t\t\t\t<\/div>\n\t\t<div class=\"elementor-element elementor-element-1b910f3 e-con-full e-flex e-con e-child\" data-id=\"1b910f3\" data-element_type=\"container\" data-e-type=\"container\">\n\t\t\t\t<div class=\"elementor-element elementor-element-f5d7b2e elementor-widget-divider--view-line elementor-widget elementor-widget-divider\" data-id=\"f5d7b2e\" data-element_type=\"widget\" data-e-type=\"widget\" data-widget_type=\"divider.default\">\n\t\t\t\t<div class=\"elementor-widget-container\">\n\t\t\t\t\t\t\t<div class=\"elementor-divider\">\n\t\t\t<span class=\"elementor-divider-separator\">\n\t\t\t\t\t\t<\/span>\n\t\t<\/div>\n\t\t\t\t\t\t<\/div>\n\t\t\t\t<\/div>\n\t\t\t\t<div class=\"elementor-element elementor-element-0eb9e66 elementor-widget elementor-widget-heading\" data-id=\"0eb9e66\" data-element_type=\"widget\" data-e-type=\"widget\" data-widget_type=\"heading.default\">\n\t\t\t\t<div class=\"elementor-widget-container\">\n\t\t\t\t\t<h2 class=\"elementor-heading-title elementor-size-default\">Tabox Services offers the services of an operations manager for companies that are required to appoint a person responsible for their electrical installations.<\/h2>\t\t\t\t<\/div>\n\t\t\t\t<\/div>\n\t\t\t\t<div class=\"elementor-element elementor-element-f7fdebc elementor-widget elementor-widget-text-editor\" data-id=\"f7fdebc\" data-element_type=\"widget\" data-e-type=\"widget\" data-widget_type=\"text-editor.default\">\n\t\t\t\t<div class=\"elementor-widget-container\">\n\t\t\t\t\t\t\t\t\t<p><span data-teams=\"true\">Our service covers both the tasks required by law and practical support to ensure electrical safety.<\/span><\/p>\t\t\t\t\t\t\t\t<\/div>\n\t\t\t\t<\/div>\n\t\t\t\t<\/div>\n\t\t\t\t<div class=\"elementor-element elementor-element-1125837 elementor-align-left elementor-widget elementor-widget-global elementor-global-2829 elementor-widget-button\" data-id=\"1125837\" data-element_type=\"widget\" data-e-type=\"widget\" data-widget_type=\"button.default\">\n\t\t\t\t<div class=\"elementor-widget-container\">\n\t\t\t\t\t\t\t\t\t<div class=\"elementor-button-wrapper\">\n\t\t\t\t\t<a class=\"elementor-button elementor-button-link elementor-size-sm\" href=\"\/en\/yhteystiedot\/\">\n\t\t\t\t\t\t<span class=\"elementor-button-content-wrapper\">\n\t\t\t\t\t\t<span class=\"elementor-button-icon\">\n\t\t\t\t<svg aria-hidden=\"true\" class=\"e-font-icon-svg e-far-envelope\" viewbox=\"0 0 512 512\" xmlns=\"http:\/\/www.w3.org\/2000\/svg\"><path d=\"M464 64H48C21.49 64 0 85.49 0 112v288c0 26.51 21.49 48 48 48h416c26.51 0 48-21.49 48-48V112c0-26.51-21.49-48-48-48zm0 48v40.805c-22.422 18.259-58.168 46.651-134.587 106.49-16.841 13.247-50.201 45.072-73.413 44.701-23.208.375-56.579-31.459-73.413-44.701C106.18 199.465 70.425 171.067 48 152.805V112h416zM48 400V214.398c22.914 18.251 55.409 43.862 104.938 82.646 21.857 17.205 60.134 55.186 103.062 54.955 42.717.231 80.509-37.199 103.053-54.947 49.528-38.783 82.032-64.401 104.947-82.653V400H48z\"><\/path><\/svg>\t\t\t<\/span>\n\t\t\t\t\t\t\t\t\t<span class=\"elementor-button-text\">CONTACT US<\/span>\n\t\t\t\t\t<\/span>\n\t\t\t\t\t<\/a>\n\t\t\t\t<\/div>\n\t\t\t\t\t\t\t\t<\/div>\n\t\t\t\t<\/div>\n\t\t\t\t<div class=\"elementor-element elementor-element-2a8151c elementor-widget elementor-widget-spacer\" data-id=\"2a8151c\" data-element_type=\"widget\" data-e-type=\"widget\" data-widget_type=\"spacer.default\">\n\t\t\t\t<div class=\"elementor-widget-container\">\n\t\t\t\t\t\t\t<div class=\"elementor-spacer\">\n\t\t\t<div class=\"elementor-spacer-inner\"><\/div>\n\t\t<\/div>\n\t\t\t\t\t\t<\/div>\n\t\t\t\t<\/div>\n\t\t\t\t\t<\/div>\n\t\t\t\t<\/div>\n\t\t\t\t<\/div>\n\t\t\t\t<\/div>","protected":false},"excerpt":{"rendered":"<p>S\u00e4hk\u00f6k\u00e4yt\u00f6njohtajuus Mihin s\u00e4hk\u00f6k\u00e4yt\u00f6njohtajaa tarvitaan? Suuret ja laajat s\u00e4hk\u00f6laitteistot vaativat lain mukaan nimetyn k\u00e4yt\u00f6n johtajan, joka vastaa laitteen turvallisesta k\u00e4yt\u00f6st\u00e4 ja kunnossapidosta. K\u00e4yt\u00f6n johtaja ilmoitetaan Tukesin rekisteriin, ja h\u00e4n toimii s\u00e4hk\u00f6laitteiston haltijan asiantuntijana s\u00e4hk\u00f6turvallisuuden yll\u00e4pidossa. S\u00e4hk\u00f6k\u00e4yt\u00f6njohtajan vastuut K\u00e4yt\u00f6n johtaja huolehtii, ett\u00e4: s\u00e4hk\u00f6laitteiston k\u00e4ytt\u00f6 ja huolto tapahtuvat s\u00e4hk\u00f6turvallisuuslain mukaisesti laitteisto pysyy turvallisessa kunnossa koko k\u00e4ytt\u00f6i\u00e4n ajan k\u00e4ytt\u00f6t\u00f6it\u00e4 [&hellip;]<\/p>\n","protected":false},"author":2,"featured_media":0,"parent":0,"menu_order":0,"comment_status":"closed","ping_status":"closed","template":"","meta":{"content-type":"","footnotes":""},"class_list":["post-2818","page","type-page","status-publish","hentry"],"_links":{"self":[{"href":"https:\/\/www.taboxservices.fi\/en\/wp-json\/wp\/v2\/pages\/2818","targetHints":{"allow":["GET"]}}],"collection":[{"href":"https:\/\/www.taboxservices.fi\/en\/wp-json\/wp\/v2\/pages"}],"about":[{"href":"https:\/\/www.taboxservices.fi\/en\/wp-json\/wp\/v2\/types\/page"}],"author":[{"embeddable":true,"href":"https:\/\/www.taboxservices.fi\/en\/wp-json\/wp\/v2\/users\/2"}],"replies":[{"embeddable":true,"href":"https:\/\/www.taboxservices.fi\/en\/wp-json\/wp\/v2\/comments?post=2818"}],"version-history":[{"count":35,"href":"https:\/\/www.taboxservices.fi\/en\/wp-json\/wp\/v2\/pages\/2818\/revisions"}],"predecessor-version":[{"id":2889,"href":"https:\/\/www.taboxservices.fi\/en\/wp-json\/wp\/v2\/pages\/2818\/revisions\/2889"}],"wp:attachment":[{"href":"https:\/\/www.taboxservices.fi\/en\/wp-json\/wp\/v2\/media?parent=2818"}],"curies":[{"name":"wp","href":"https:\/\/api.w.org\/{rel}","templated":true}]}}