{"id":2818,"date":"2025-09-24T10:14:33","date_gmt":"2025-09-24T07:14:33","guid":{"rendered":"https:\/\/www.taboxservices.fi\/?page_id=2818"},"modified":"2025-09-24T13:28:37","modified_gmt":"2025-09-24T10:28:37","slug":"sahkokaytonjohtajuus","status":"publish","type":"page","link":"https:\/\/www.taboxservices.fi\/sv\/sahkokaytonjohtajuus\/","title":{"rendered":"Elektrisk konduktivitet"},"content":{"rendered":"<div data-elementor-type=\"wp-page\" data-elementor-id=\"2818\" class=\"elementor elementor-2818\" data-elementor-post-type=\"page\">\n\t\t\t\t<div class=\"elementor-element elementor-element-673ac79 e-flex e-con-boxed e-con e-parent\" data-id=\"673ac79\" data-element_type=\"container\" data-e-type=\"container\" data-settings=\"{&quot;background_background&quot;:&quot;classic&quot;}\">\n\t\t\t\t\t<div class=\"e-con-inner\">\n\t\t\t\t<div class=\"elementor-element elementor-element-c0c2dd1 elementor-widget elementor-widget-heading\" data-id=\"c0c2dd1\" data-element_type=\"widget\" data-e-type=\"widget\" data-widget_type=\"heading.default\">\n\t\t\t\t<div class=\"elementor-widget-container\">\n\t\t\t\t\t<h1 class=\"elementor-heading-title elementor-size-default\">Elektrisk konduktivitet<\/h1>\t\t\t\t<\/div>\n\t\t\t\t<\/div>\n\t\t\t\t<div class=\"elementor-element elementor-element-52906ab elementor-widget elementor-widget-spacer\" data-id=\"52906ab\" data-element_type=\"widget\" data-e-type=\"widget\" data-widget_type=\"spacer.default\">\n\t\t\t\t<div class=\"elementor-widget-container\">\n\t\t\t\t\t\t\t<div class=\"elementor-spacer\">\n\t\t\t<div class=\"elementor-spacer-inner\"><\/div>\n\t\t<\/div>\n\t\t\t\t\t\t<\/div>\n\t\t\t\t<\/div>\n\t\t\t\t\t<\/div>\n\t\t\t\t<\/div>\n\t\t<div class=\"elementor-element elementor-element-72b9d20 e-con-full e-flex e-con e-parent\" data-id=\"72b9d20\" data-element_type=\"container\" data-e-type=\"container\">\n\t\t<div class=\"elementor-element elementor-element-e423905 e-flex e-con-boxed e-con e-child\" data-id=\"e423905\" data-element_type=\"container\" data-e-type=\"container\">\n\t\t\t\t\t<div class=\"e-con-inner\">\n\t\t<div class=\"elementor-element elementor-element-c2b2d31 e-con-full e-flex e-con e-child\" data-id=\"c2b2d31\" data-element_type=\"container\" data-e-type=\"container\">\n\t\t\t\t<div class=\"elementor-element elementor-element-b0f75de elementor-widget elementor-widget-heading\" data-id=\"b0f75de\" data-element_type=\"widget\" data-e-type=\"widget\" data-widget_type=\"heading.default\">\n\t\t\t\t<div class=\"elementor-widget-container\">\n\t\t\t\t\t<h2 class=\"elementor-heading-title elementor-size-default\">Vad beh\u00f6vs en elektrisk trafikledare till?<\/h2>\t\t\t\t<\/div>\n\t\t\t\t<\/div>\n\t\t\t\t<div class=\"elementor-element elementor-element-3eb9b1d elementor-widget elementor-widget-text-editor\" data-id=\"3eb9b1d\" data-element_type=\"widget\" data-e-type=\"widget\" data-widget_type=\"text-editor.default\">\n\t\t\t\t<div class=\"elementor-widget-container\">\n\t\t\t\t\t\t\t\t\t<p><span data-teams=\"true\">Stora och omfattande elinstallationer kr\u00e4ver en juridiskt utsedd <strong>verksamhetschef<\/strong>som ansvarar f\u00f6r att utrustningen anv\u00e4nds och underh\u00e5lls p\u00e5 ett s\u00e4kert s\u00e4tt. Driftledaren \u00e4r registrerad hos Tukes och fungerar som els\u00e4kerhetsexpert f\u00f6r \u00e4garen av den elektriska utrustningen.<\/span><\/p>\t\t\t\t\t\t\t\t<\/div>\n\t\t\t\t<\/div>\n\t\t\t\t<\/div>\n\t\t<div class=\"elementor-element elementor-element-716855e e-con-full e-flex e-con e-child\" data-id=\"716855e\" data-element_type=\"container\" data-e-type=\"container\">\n\t\t\t\t<div class=\"elementor-element elementor-element-df11f1b elementor-widget elementor-widget-text-editor\" data-id=\"df11f1b\" data-element_type=\"widget\" data-e-type=\"widget\" data-widget_type=\"text-editor.default\">\n\t\t\t\t<div class=\"elementor-widget-container\">\n\t\t\t\t\t\t\t\t\t<h3>Elchefens ansvarsomr\u00e5den<\/h3><p>Verksamhetschefen kommer att se till att:<\/p><ul><li>elektrisk utrustning anv\u00e4nds och underh\u00e5lls i enlighet med els\u00e4kerhetslagen<\/li><li>utrustningen f\u00f6rblir i s\u00e4kert skick under hela sin livsl\u00e4ngd<\/li><li>de personer som utf\u00f6r operationerna \u00e4r kunniga och utbildade<\/li><li>eventuella fel och brister som uppt\u00e4cks \u00e5tg\u00e4rdas utan dr\u00f6jsm\u00e5l<\/li><\/ul><div>\u00a0<\/div><p>Ansvaret \u00e4r personligt och kan inte \u00f6verf\u00f6ras genom avtal.<\/p>\t\t\t\t\t\t\t\t<\/div>\n\t\t\t\t<\/div>\n\t\t\t\t<\/div>\n\t\t<div class=\"elementor-element elementor-element-cbcb615 e-con-full e-flex e-con e-child\" data-id=\"cbcb615\" data-element_type=\"container\" data-e-type=\"container\">\n\t\t\t\t<div class=\"elementor-element elementor-element-3949749 elementor-widget__width-initial elementor-widget elementor-widget-text-editor\" data-id=\"3949749\" data-element_type=\"widget\" data-e-type=\"widget\" data-widget_type=\"text-editor.default\">\n\t\t\t\t<div class=\"elementor-widget-container\">\n\t\t\t\t\t\t\t\t\t<h3>Uppgifter i praktiken<\/h3><p>I arbetet som Operations Manager ing\u00e5r bland annat:<\/p><ul><li>uppr\u00e4tta ett underh\u00e5llsprogram och \u00f6vervaka att det efterlevs<\/li><li>genomf\u00f6ra drift\u00f6vervakning och periodiska inspektioner<\/li><li>dokumentation av service- och underh\u00e5llsarbeten<\/li><li>korrigera och demonstrera vad som uppt\u00e4ckts under inspektionerna<\/li><li>underh\u00e5ll av ritningar, diagram och instruktioner f\u00f6r drift och underh\u00e5ll<\/li><li>skicka meddelanden till Tukes-registret<\/li><\/ul>\t\t\t\t\t\t\t\t<\/div>\n\t\t\t\t<\/div>\n\t\t\t\t<\/div>\n\t\t<div class=\"elementor-element elementor-element-a84ec65 e-con-full e-flex e-con e-child\" data-id=\"a84ec65\" data-element_type=\"container\" data-e-type=\"container\">\n\t\t\t\t<div class=\"elementor-element elementor-element-3b26ac5 elementor-widget__width-initial elementor-widget elementor-widget-text-editor\" data-id=\"3b26ac5\" data-element_type=\"widget\" data-e-type=\"widget\" data-widget_type=\"text-editor.default\">\n\t\t\t\t<div class=\"elementor-widget-container\">\n\t\t\t\t\t\t\t\t\t<h3>Ledning och kontroll<\/h3><p>Driftledaren kommer att ansvara f\u00f6r s\u00e4ker drift av den elektriska installationen och se till att allt underh\u00e5lls-, service- och reparationsarbete utf\u00f6rs p\u00e5 ett s\u00e4kert s\u00e4tt. Denna roll kr\u00e4ver st\u00e4ndig \u00f6vervakning och professionell tillsyn - stickprovskontroller r\u00e4cker inte.<\/p><p>Driftchefen ser ocks\u00e5 till att de som arbetar p\u00e5 anl\u00e4ggningen har adekvat utbildning och att els\u00e4kerheten alltid \u00e4r under kontroll.<\/p>\t\t\t\t\t\t\t\t<\/div>\n\t\t\t\t<\/div>\n\t\t\t\t<\/div>\n\t\t<div class=\"elementor-element elementor-element-1b910f3 e-con-full e-flex e-con e-child\" data-id=\"1b910f3\" data-element_type=\"container\" data-e-type=\"container\">\n\t\t\t\t<div class=\"elementor-element elementor-element-f5d7b2e elementor-widget-divider--view-line elementor-widget elementor-widget-divider\" data-id=\"f5d7b2e\" data-element_type=\"widget\" data-e-type=\"widget\" data-widget_type=\"divider.default\">\n\t\t\t\t<div class=\"elementor-widget-container\">\n\t\t\t\t\t\t\t<div class=\"elementor-divider\">\n\t\t\t<span class=\"elementor-divider-separator\">\n\t\t\t\t\t\t<\/span>\n\t\t<\/div>\n\t\t\t\t\t\t<\/div>\n\t\t\t\t<\/div>\n\t\t\t\t<div class=\"elementor-element elementor-element-0eb9e66 elementor-widget elementor-widget-heading\" data-id=\"0eb9e66\" data-element_type=\"widget\" data-e-type=\"widget\" data-widget_type=\"heading.default\">\n\t\t\t\t<div class=\"elementor-widget-container\">\n\t\t\t\t\t<h2 class=\"elementor-heading-title elementor-size-default\">Tabox Services erbjuder tj\u00e4nster som driftledare f\u00f6r f\u00f6retag som \u00e4r skyldiga att utse en person som ansvarar f\u00f6r sina elinstallationer.<\/h2>\t\t\t\t<\/div>\n\t\t\t\t<\/div>\n\t\t\t\t<div class=\"elementor-element elementor-element-f7fdebc elementor-widget elementor-widget-text-editor\" data-id=\"f7fdebc\" data-element_type=\"widget\" data-e-type=\"widget\" data-widget_type=\"text-editor.default\">\n\t\t\t\t<div class=\"elementor-widget-container\">\n\t\t\t\t\t\t\t\t\t<p><span data-teams=\"true\">V\u00e5r tj\u00e4nst omfattar b\u00e5de de uppgifter som kr\u00e4vs enligt lag och praktiskt st\u00f6d f\u00f6r att s\u00e4kerst\u00e4lla els\u00e4kerheten.<\/span><\/p>\t\t\t\t\t\t\t\t<\/div>\n\t\t\t\t<\/div>\n\t\t\t\t<\/div>\n\t\t\t\t<div class=\"elementor-element elementor-element-1125837 elementor-align-left elementor-widget elementor-widget-global elementor-global-2829 elementor-widget-button\" data-id=\"1125837\" data-element_type=\"widget\" data-e-type=\"widget\" data-widget_type=\"button.default\">\n\t\t\t\t<div class=\"elementor-widget-container\">\n\t\t\t\t\t\t\t\t\t<div class=\"elementor-button-wrapper\">\n\t\t\t\t\t<a class=\"elementor-button elementor-button-link elementor-size-sm\" href=\"\/sv\/yhteystiedot\/\">\n\t\t\t\t\t\t<span class=\"elementor-button-content-wrapper\">\n\t\t\t\t\t\t<span class=\"elementor-button-icon\">\n\t\t\t\t<svg aria-hidden=\"true\" class=\"e-font-icon-svg e-far-envelope\" viewbox=\"0 0 512 512\" xmlns=\"http:\/\/www.w3.org\/2000\/svg\"><path d=\"M464 64H48C21.49 64 0 85.49 0 112v288c0 26.51 21.49 48 48 48h416c26.51 0 48-21.49 48-48V112c0-26.51-21.49-48-48-48zm0 48v40.805c-22.422 18.259-58.168 46.651-134.587 106.49-16.841 13.247-50.201 45.072-73.413 44.701-23.208.375-56.579-31.459-73.413-44.701C106.18 199.465 70.425 171.067 48 152.805V112h416zM48 400V214.398c22.914 18.251 55.409 43.862 104.938 82.646 21.857 17.205 60.134 55.186 103.062 54.955 42.717.231 80.509-37.199 103.053-54.947 49.528-38.783 82.032-64.401 104.947-82.653V400H48z\"><\/path><\/svg>\t\t\t<\/span>\n\t\t\t\t\t\t\t\t\t<span class=\"elementor-button-text\">KONTAKTA OSS<\/span>\n\t\t\t\t\t<\/span>\n\t\t\t\t\t<\/a>\n\t\t\t\t<\/div>\n\t\t\t\t\t\t\t\t<\/div>\n\t\t\t\t<\/div>\n\t\t\t\t<div class=\"elementor-element elementor-element-2a8151c elementor-widget elementor-widget-spacer\" data-id=\"2a8151c\" data-element_type=\"widget\" data-e-type=\"widget\" data-widget_type=\"spacer.default\">\n\t\t\t\t<div class=\"elementor-widget-container\">\n\t\t\t\t\t\t\t<div class=\"elementor-spacer\">\n\t\t\t<div class=\"elementor-spacer-inner\"><\/div>\n\t\t<\/div>\n\t\t\t\t\t\t<\/div>\n\t\t\t\t<\/div>\n\t\t\t\t\t<\/div>\n\t\t\t\t<\/div>\n\t\t\t\t<\/div>\n\t\t\t\t<\/div>","protected":false},"excerpt":{"rendered":"<p>S\u00e4hk\u00f6k\u00e4yt\u00f6njohtajuus Mihin s\u00e4hk\u00f6k\u00e4yt\u00f6njohtajaa tarvitaan? Suuret ja laajat s\u00e4hk\u00f6laitteistot vaativat lain mukaan nimetyn k\u00e4yt\u00f6n johtajan, joka vastaa laitteen turvallisesta k\u00e4yt\u00f6st\u00e4 ja kunnossapidosta. K\u00e4yt\u00f6n johtaja ilmoitetaan Tukesin rekisteriin, ja h\u00e4n toimii s\u00e4hk\u00f6laitteiston haltijan asiantuntijana s\u00e4hk\u00f6turvallisuuden yll\u00e4pidossa. S\u00e4hk\u00f6k\u00e4yt\u00f6njohtajan vastuut K\u00e4yt\u00f6n johtaja huolehtii, ett\u00e4: s\u00e4hk\u00f6laitteiston k\u00e4ytt\u00f6 ja huolto tapahtuvat s\u00e4hk\u00f6turvallisuuslain mukaisesti laitteisto pysyy turvallisessa kunnossa koko k\u00e4ytt\u00f6i\u00e4n ajan k\u00e4ytt\u00f6t\u00f6it\u00e4 [&hellip;]<\/p>\n","protected":false},"author":2,"featured_media":0,"parent":0,"menu_order":0,"comment_status":"closed","ping_status":"closed","template":"","meta":{"content-type":"","footnotes":""},"class_list":["post-2818","page","type-page","status-publish","hentry"],"_links":{"self":[{"href":"https:\/\/www.taboxservices.fi\/sv\/wp-json\/wp\/v2\/pages\/2818","targetHints":{"allow":["GET"]}}],"collection":[{"href":"https:\/\/www.taboxservices.fi\/sv\/wp-json\/wp\/v2\/pages"}],"about":[{"href":"https:\/\/www.taboxservices.fi\/sv\/wp-json\/wp\/v2\/types\/page"}],"author":[{"embeddable":true,"href":"https:\/\/www.taboxservices.fi\/sv\/wp-json\/wp\/v2\/users\/2"}],"replies":[{"embeddable":true,"href":"https:\/\/www.taboxservices.fi\/sv\/wp-json\/wp\/v2\/comments?post=2818"}],"version-history":[{"count":35,"href":"https:\/\/www.taboxservices.fi\/sv\/wp-json\/wp\/v2\/pages\/2818\/revisions"}],"predecessor-version":[{"id":2889,"href":"https:\/\/www.taboxservices.fi\/sv\/wp-json\/wp\/v2\/pages\/2818\/revisions\/2889"}],"wp:attachment":[{"href":"https:\/\/www.taboxservices.fi\/sv\/wp-json\/wp\/v2\/media?parent=2818"}],"curies":[{"name":"wp","href":"https:\/\/api.w.org\/{rel}","templated":true}]}}