{"id":987,"date":"2025-06-16T09:06:26","date_gmt":"2025-06-16T09:06:26","guid":{"rendered":"https:\/\/taboxservices.fi\/?page_id=987"},"modified":"2026-03-31T09:49:14","modified_gmt":"2026-03-31T06:49:14","slug":"tehdas-ja-sopimuspalvelut","status":"publish","type":"page","link":"https:\/\/www.taboxservices.fi\/sv\/tehdas-ja-sopimuspalvelut\/","title":{"rendered":"Fabriks- och kontraktstj\u00e4nster"},"content":{"rendered":"<div data-elementor-type=\"wp-page\" data-elementor-id=\"987\" class=\"elementor elementor-987\" data-elementor-post-type=\"page\">\n\t\t\t\t<div class=\"elementor-element elementor-element-a1dd985 e-flex e-con-boxed e-con e-parent\" data-id=\"a1dd985\" data-element_type=\"container\" data-e-type=\"container\" data-settings=\"{&quot;background_background&quot;:&quot;classic&quot;}\">\n\t\t\t\t\t<div class=\"e-con-inner\">\n\t\t<div class=\"elementor-element elementor-element-5178a63 e-con-full e-flex e-con e-child\" data-id=\"5178a63\" data-element_type=\"container\" data-e-type=\"container\">\n\t\t\t\t<div class=\"elementor-element elementor-element-1eba2c7 elementor-widget elementor-widget-heading\" data-id=\"1eba2c7\" data-element_type=\"widget\" data-e-type=\"widget\" data-widget_type=\"heading.default\">\n\t\t\t\t<div class=\"elementor-widget-container\">\n\t\t\t\t\t<h1 class=\"elementor-heading-title elementor-size-default\">Fabriks- och kontraktstj\u00e4nster<\/h1>\t\t\t\t<\/div>\n\t\t\t\t<\/div>\n\t\t\t\t<\/div>\n\t\t<div class=\"elementor-element elementor-element-45fc26f e-con-full e-flex e-con e-child\" data-id=\"45fc26f\" data-element_type=\"container\" data-e-type=\"container\">\n\t\t\t\t<\/div>\n\t\t\t\t<div class=\"elementor-element elementor-element-2c23b6d elementor-align-left elementor-widget elementor-widget-button\" data-id=\"2c23b6d\" data-element_type=\"widget\" data-e-type=\"widget\" data-widget_type=\"button.default\">\n\t\t\t\t<div class=\"elementor-widget-container\">\n\t\t\t\t\t\t\t\t\t<div class=\"elementor-button-wrapper\">\n\t\t\t\t\t<a class=\"elementor-button elementor-button-link elementor-size-sm\" href=\"https:\/\/www.taboxservices.fi\/sv\/yhteystiedot\/\">\n\t\t\t\t\t\t<span class=\"elementor-button-content-wrapper\">\n\t\t\t\t\t\t<span class=\"elementor-button-icon\">\n\t\t\t\t<svg aria-hidden=\"true\" class=\"e-font-icon-svg e-far-envelope\" viewbox=\"0 0 512 512\" xmlns=\"http:\/\/www.w3.org\/2000\/svg\"><path d=\"M464 64H48C21.49 64 0 85.49 0 112v288c0 26.51 21.49 48 48 48h416c26.51 0 48-21.49 48-48V112c0-26.51-21.49-48-48-48zm0 48v40.805c-22.422 18.259-58.168 46.651-134.587 106.49-16.841 13.247-50.201 45.072-73.413 44.701-23.208.375-56.579-31.459-73.413-44.701C106.18 199.465 70.425 171.067 48 152.805V112h416zM48 400V214.398c22.914 18.251 55.409 43.862 104.938 82.646 21.857 17.205 60.134 55.186 103.062 54.955 42.717.231 80.509-37.199 103.053-54.947 49.528-38.783 82.032-64.401 104.947-82.653V400H48z\"><\/path><\/svg>\t\t\t<\/span>\n\t\t\t\t\t\t\t\t\t<span class=\"elementor-button-text\">KONTAKTA OSS<\/span>\n\t\t\t\t\t<\/span>\n\t\t\t\t\t<\/a>\n\t\t\t\t<\/div>\n\t\t\t\t\t\t\t\t<\/div>\n\t\t\t\t<\/div>\n\t\t\t\t\t<\/div>\n\t\t\t\t<\/div>\n\t\t<div class=\"elementor-element elementor-element-a790d11 e-flex e-con-boxed e-con e-parent\" data-id=\"a790d11\" data-element_type=\"container\" data-e-type=\"container\">\n\t\t\t\t\t<div class=\"e-con-inner\">\n\t\t\t\t<div class=\"elementor-element elementor-element-b0ef43f elementor-widget elementor-widget-spacer\" data-id=\"b0ef43f\" data-element_type=\"widget\" data-e-type=\"widget\" data-widget_type=\"spacer.default\">\n\t\t\t\t<div class=\"elementor-widget-container\">\n\t\t\t\t\t\t\t<div class=\"elementor-spacer\">\n\t\t\t<div class=\"elementor-spacer-inner\"><\/div>\n\t\t<\/div>\n\t\t\t\t\t\t<\/div>\n\t\t\t\t<\/div>\n\t\t\t\t\t<\/div>\n\t\t\t\t<\/div>\n\t\t<div class=\"elementor-element elementor-element-967b5bf e-flex e-con-boxed e-con e-parent\" data-id=\"967b5bf\" data-element_type=\"container\" data-e-type=\"container\">\n\t\t\t\t\t<div class=\"e-con-inner\">\n\t\t\t\t<div class=\"elementor-element elementor-element-e5e4de6 elementor-widget elementor-widget-heading\" data-id=\"e5e4de6\" data-element_type=\"widget\" data-e-type=\"widget\" data-widget_type=\"heading.default\">\n\t\t\t\t<div class=\"elementor-widget-container\">\n\t\t\t\t\t<h2 class=\"elementor-heading-title elementor-size-default\">Industriellt underh\u00e5ll - skr\u00e4ddarsydda l\u00f6sningar f\u00f6r alla branscher<\/h2>\t\t\t\t<\/div>\n\t\t\t\t<\/div>\n\t\t\t\t\t<\/div>\n\t\t\t\t<\/div>\n\t\t<div class=\"elementor-element elementor-element-79724cc e-flex e-con-boxed e-con e-parent\" data-id=\"79724cc\" data-element_type=\"container\" data-e-type=\"container\">\n\t\t\t\t\t<div class=\"e-con-inner\">\n\t\t\t\t<div class=\"elementor-element elementor-element-678d40e elementor-widget elementor-widget-text-editor\" data-id=\"678d40e\" data-element_type=\"widget\" data-e-type=\"widget\" data-widget_type=\"text-editor.default\">\n\t\t\t\t<div class=\"elementor-widget-container\">\n\t\t\t\t\t\t\t\t\t<p>Tabox Services Oy erbjuder helt\u00e4ckande och kundorienterade underh\u00e5llstj\u00e4nster f\u00f6r alla industrisektorer. Oavsett om ditt f\u00f6retags underh\u00e5llsbehov \u00e4r ett litet eng\u00e5ngsuppdrag eller ett stort strategiskt partnerskap har vi r\u00e4tt l\u00f6sning f\u00f6r dig. V\u00e5ra tj\u00e4nster frig\u00f6r ditt f\u00f6retags resurser s\u00e5 att du kan fokusera p\u00e5 k\u00e4rnverksamheten och s\u00e4kerst\u00e4lla h\u00f6g drifttid och effektivitet i din produktion.<\/p>\t\t\t\t\t\t\t\t<\/div>\n\t\t\t\t<\/div>\n\t\t\t\t\t<\/div>\n\t\t\t\t<\/div>\n\t\t<div class=\"elementor-element elementor-element-f168a4a e-flex e-con-boxed e-con e-parent\" data-id=\"f168a4a\" data-element_type=\"container\" data-e-type=\"container\">\n\t\t\t\t\t<div class=\"e-con-inner\">\n\t\t\t\t<div class=\"elementor-element elementor-element-720ffb5 elementor-widget elementor-widget-heading\" data-id=\"720ffb5\" data-element_type=\"widget\" data-e-type=\"widget\" data-widget_type=\"heading.default\">\n\t\t\t\t<div class=\"elementor-widget-container\">\n\t\t\t\t\t<h2 class=\"elementor-heading-title elementor-size-default\">V\u00e5r serviceniv\u00e5 - en tydlig v\u00e4g mot ett strategiskt partnerskap:<\/h2>\t\t\t\t<\/div>\n\t\t\t\t<\/div>\n\t\t\t\t\t<\/div>\n\t\t\t\t<\/div>\n\t\t<div class=\"elementor-element elementor-element-f21e89c e-flex e-con-boxed e-con e-parent\" data-id=\"f21e89c\" data-element_type=\"container\" data-e-type=\"container\">\n\t\t\t\t\t<div class=\"e-con-inner\">\n\t\t\t\t<div class=\"elementor-element elementor-element-20ba80f elementor-widget elementor-widget-text-editor\" data-id=\"20ba80f\" data-element_type=\"widget\" data-e-type=\"widget\" data-widget_type=\"text-editor.default\">\n\t\t\t\t<div class=\"elementor-widget-container\">\n\t\t\t\t\t\t\t\t\t<ul><li><strong>Niv\u00e5 1: Grundl\u00e4ggande service<\/strong><br \/>Individuella uppdrag, t.ex. underh\u00e5ll av utrustning, fels\u00f6kning eller experttj\u00e4nster efter behov.<ul><li>F\u00f6rdelar: snabb probleml\u00f6sning utan engagemang.<\/li><\/ul><\/li><li><strong>Niv\u00e5 2: Underh\u00e5llsavtal<\/strong><br \/>Regelbundet underh\u00e5ll, inklusive b\u00e5de avhj\u00e4lpande och f\u00f6rebyggande underh\u00e5ll samt experttj\u00e4nster.<ul><li>F\u00f6rdelar: f\u00f6ruts\u00e4gbara kostnader, mindre stillest\u00e5ndstid, omfattande underh\u00e5llskalender och rapportering.<\/li><\/ul><\/li><li><strong>Niv\u00e5 3: Strategiskt partnerskap<\/strong><br \/>Omfattande underh\u00e5ll, d\u00e4r Tabox Services agerar som en aktiv utvecklings- och kompetenspartner som bidrar till strategisk planering, investeringsbeslut och kontinuerlig f\u00f6rb\u00e4ttring.<ul><li>F\u00f6rdelar: proaktiv utveckling, riskhantering, gemensam f\u00e4rdplan och strategiska m\u00e5l.<\/li><\/ul><\/li><\/ul><p>Genom att v\u00e4lja Tabox Services Oy som underh\u00e5llspartner ser du till att din produktion fungerar effektivt, s\u00e4kert och tillf\u00f6rlitligt - nu och i framtiden.<\/p>\t\t\t\t\t\t\t\t<\/div>\n\t\t\t\t<\/div>\n\t\t\t\t<div class=\"elementor-element elementor-element-57ba136 elementor-widget elementor-widget-html\" data-id=\"57ba136\" data-element_type=\"widget\" data-e-type=\"widget\" data-widget_type=\"html.default\">\n\t\t\t\t<div class=\"elementor-widget-container\">\n\t\t\t\t\t<table border=\"1\" cellpadding=\"8\" cellspacing=\"0\">\n  <thead>\n    <tr style=\"background-color:#1f4e79; color:white;\">\n      <th>Funktioner i tj\u00e4nsten<\/th>\n      <th>Niv\u00e5 1: Grundl\u00e4ggande tj\u00e4nster<\/th>\n      <th>Niv\u00e5 2: Underh\u00e5llsavtal<\/th>\n      <th>Niv\u00e5 3: Strategisk partner<\/th>\n    <\/tr>\n  <\/thead>\n  <tbody>\n    <tr>\n      <td>Priss\u00e4ttning<\/td>\n      <td>Listpris<\/td>\n      <td>Prislista f\u00f6r kontrakt<\/td>\n      <td>Prislista f\u00f6r kontrakt<\/td>\n    <\/tr>\n    <tr>\n      <td>Korrigerande underh\u00e5ll<\/td>\n      <td>\u2713<\/td>\n      <td>\u2713<\/td>\n      <td>\u2713<\/td>\n    <\/tr>\n    <tr>\n      <td>F\u00f6rutseende underh\u00e5ll<\/td>\n      <td><\/td>\n      <td>\u2713<\/td>\n      <td>\u2713<\/td>\n    <\/tr>\n    <tr>\n      <td>Tj\u00e4nster f\u00f6r \u00f6vervakning av kondition<\/td>\n      <td><\/td>\n      <td><\/td>\n      <td>\u2713<\/td>\n    <\/tr>\n    <tr>\n      <td>Teknisk support<\/td>\n      <td>M\u00e5ndag-fredag 8-16<\/td>\n      <td>M\u00e5ndag-fredag 8-16<\/td>\n      <td>M\u00e5ndag-fredag 8-16<\/td>\n    <\/tr>\n    <tr>\n      <td><\/td>\n      <td>Ingen svarstid<\/td>\n      <td>Svarstid enligt \u00f6verenskommelse.<\/td>\n      <td>Svarstid enligt \u00f6verenskommelse.<\/td>\n    <\/tr>\n    <tr>\n      <td>Omedelbara och uppskjutna korrigeringar<\/td>\n      <td>Reparationer p\u00e5 vardagar 8-16<\/td>\n      <td>Reparationer p\u00e5 vardagar 8-16<\/td>\n      <td>Reparationer 24\/7<\/td>\n    <\/tr>\n    <tr>\n      <td><\/td>\n      <td>Reparationer enligt prislista eller offert<\/td>\n      <td>Reparationer enligt prislista eller offert<\/td>\n      <td>Reparationer ing\u00e5r i m\u00e5nadspriset.<\/td>\n    <\/tr>\n    <tr>\n      <td>Lagerhantering av reservdelar<\/td>\n      <td><\/td>\n      <td>\u2713<\/td>\n      <td>\u2713<\/td>\n    <\/tr>\n    <tr>\n      <td>Implementering och uppdatering av underh\u00e5llssystem<\/td>\n      <td><\/td>\n      <td>\u2713<\/td>\n      <td>\u2713<\/td>\n    <\/tr>\n    <tr>\n      <td>Flexibel resursf\u00f6rdelning<\/td>\n      <td><\/td>\n      <td><\/td>\n      <td>\u2713<\/td>\n    <\/tr>\n    <tr>\n      <td>S\u00e4kerhets- och milj\u00f6granskningar<\/td>\n      <td><\/td>\n      <td><\/td>\n      <td>\u2713<\/td>\n    <\/tr>\n    <tr>\n      <td>Underh\u00e5llshantering<\/td>\n      <td><\/td>\n      <td><\/td>\n      <td>\u2713<\/td>\n    <\/tr>\n    <tr>\n      <td>Projekt- och experttj\u00e4nster<\/td>\n      <td>\u2713<\/td>\n      <td>\u2713<\/td>\n      <td>\u2713<\/td>\n    <\/tr>\n  <\/tbody>\n<\/table>\n\t\t\t\t<\/div>\n\t\t\t\t<\/div>\n\t\t\t\t\t<\/div>\n\t\t\t\t<\/div>\n\t\t<div class=\"elementor-element elementor-element-76b38c3 e-flex e-con-boxed e-con e-parent\" data-id=\"76b38c3\" data-element_type=\"container\" data-e-type=\"container\">\n\t\t\t\t\t<div class=\"e-con-inner\">\n\t\t\t\t<div class=\"elementor-element elementor-element-f7b9e77 elementor-align-left elementor-widget elementor-widget-button\" data-id=\"f7b9e77\" data-element_type=\"widget\" data-e-type=\"widget\" data-widget_type=\"button.default\">\n\t\t\t\t<div class=\"elementor-widget-container\">\n\t\t\t\t\t\t\t\t\t<div class=\"elementor-button-wrapper\">\n\t\t\t\t\t<a class=\"elementor-button elementor-button-link elementor-size-sm\" href=\"https:\/\/www.taboxservices.fi\/sv\/yhteystiedot\/\">\n\t\t\t\t\t\t<span class=\"elementor-button-content-wrapper\">\n\t\t\t\t\t\t<span class=\"elementor-button-icon\">\n\t\t\t\t<svg aria-hidden=\"true\" class=\"e-font-icon-svg e-far-envelope\" viewbox=\"0 0 512 512\" xmlns=\"http:\/\/www.w3.org\/2000\/svg\"><path d=\"M464 64H48C21.49 64 0 85.49 0 112v288c0 26.51 21.49 48 48 48h416c26.51 0 48-21.49 48-48V112c0-26.51-21.49-48-48-48zm0 48v40.805c-22.422 18.259-58.168 46.651-134.587 106.49-16.841 13.247-50.201 45.072-73.413 44.701-23.208.375-56.579-31.459-73.413-44.701C106.18 199.465 70.425 171.067 48 152.805V112h416zM48 400V214.398c22.914 18.251 55.409 43.862 104.938 82.646 21.857 17.205 60.134 55.186 103.062 54.955 42.717.231 80.509-37.199 103.053-54.947 49.528-38.783 82.032-64.401 104.947-82.653V400H48z\"><\/path><\/svg>\t\t\t<\/span>\n\t\t\t\t\t\t\t\t\t<span class=\"elementor-button-text\">KONTAKTA OSS<\/span>\n\t\t\t\t\t<\/span>\n\t\t\t\t\t<\/a>\n\t\t\t\t<\/div>\n\t\t\t\t\t\t\t\t<\/div>\n\t\t\t\t<\/div>\n\t\t\t\t<div class=\"elementor-element elementor-element-3085175 elementor-widget elementor-widget-html\" data-id=\"3085175\" data-element_type=\"widget\" data-e-type=\"widget\" data-widget_type=\"html.default\">\n\t\t\t\t<div class=\"elementor-widget-container\">\n\t\t\t\t\t<script src=\"https:\/\/widget.trustmary.com\/pqdDFBw4e\"><\/script>\t\t\t\t<\/div>\n\t\t\t\t<\/div>\n\t\t\t\t\t<\/div>\n\t\t\t\t<\/div>\n\t\t\t\t<\/div>","protected":false},"excerpt":{"rendered":"<p>Tehdas- ja sopimuspalvelut OTA YHTEYTT\u00c4 Teollisuuden Kunnossapito \u2013 R\u00e4\u00e4t\u00e4l\u00f6idyt ratkaisut kaikille teollisuudenaloille Tabox Services Oy tarjoaa kattavia ja asiakasl\u00e4ht\u00f6isi\u00e4 kunnossapitopalveluita kaikille teollisuuden toimialoille. Olipa yrityksesi kunnossapitotarve pieni yksitt\u00e4inen toimeksianto tai laaja strateginen kumppanuus, l\u00f6yd\u00e4mme juuri teille sopivan ratkaisun. Palvelumme vapauttavat yrityksesi resurssit keskittym\u00e4\u00e4n ydintoimintaan, varmistaen tuotantonne korkean k\u00e4ytt\u00f6varmuuden ja tehokkuuden. Palvelutasomme \u2013 selke\u00e4 kehityspolku kohti [&hellip;]<\/p>\n","protected":false},"author":2,"featured_media":0,"parent":0,"menu_order":0,"comment_status":"closed","ping_status":"closed","template":"","meta":{"content-type":"","footnotes":""},"class_list":["post-987","page","type-page","status-publish","hentry"],"_links":{"self":[{"href":"https:\/\/www.taboxservices.fi\/sv\/wp-json\/wp\/v2\/pages\/987","targetHints":{"allow":["GET"]}}],"collection":[{"href":"https:\/\/www.taboxservices.fi\/sv\/wp-json\/wp\/v2\/pages"}],"about":[{"href":"https:\/\/www.taboxservices.fi\/sv\/wp-json\/wp\/v2\/types\/page"}],"author":[{"embeddable":true,"href":"https:\/\/www.taboxservices.fi\/sv\/wp-json\/wp\/v2\/users\/2"}],"replies":[{"embeddable":true,"href":"https:\/\/www.taboxservices.fi\/sv\/wp-json\/wp\/v2\/comments?post=987"}],"version-history":[{"count":40,"href":"https:\/\/www.taboxservices.fi\/sv\/wp-json\/wp\/v2\/pages\/987\/revisions"}],"predecessor-version":[{"id":3019,"href":"https:\/\/www.taboxservices.fi\/sv\/wp-json\/wp\/v2\/pages\/987\/revisions\/3019"}],"wp:attachment":[{"href":"https:\/\/www.taboxservices.fi\/sv\/wp-json\/wp\/v2\/media?parent=987"}],"curies":[{"name":"wp","href":"https:\/\/api.w.org\/{rel}","templated":true}]}}